{"id":3636,"date":"2024-03-18T13:24:10","date_gmt":"2024-03-18T12:24:10","guid":{"rendered":"https:\/\/maninconduite.fr\/?page_id=3636"},"modified":"2024-04-25T12:20:58","modified_gmt":"2024-04-25T10:20:58","slug":"conduite-accompagnee","status":"publish","type":"page","link":"https:\/\/maninconduite.fr\/?page_id=3636","title":{"rendered":"Conduite accompagn\u00e9e"},"content":{"rendered":"\t\t<div data-elementor-type=\"wp-page\" data-elementor-id=\"3636\" class=\"elementor elementor-3636\">\n\t\t\t\t<div class=\"elementor-element elementor-element-666889c e-con-full e-flex e-con e-parent\" data-id=\"666889c\" data-element_type=\"container\" data-settings=\"{&quot;content_width&quot;:&quot;full&quot;}\" data-core-v316-plus=\"true\">\n\t\t\t\t<div class=\"elementor-element elementor-element-5d8caeb elementor-widget__width-inherit elementor-widget elementor-widget-dridebanner2\" data-id=\"5d8caeb\" data-element_type=\"widget\" data-widget_type=\"dridebanner2.default\">\n\t\t\t\t<div class=\"elementor-widget-container\">\n\t\t\t<div class=\"th-hero-wrapper hero-11\" id=\"hero\"><div class=\"hero-slider-11 th-carousel\" id=\"heroSlide11\" data-adaptive-height=\"true\" data-slide-show=\"1\" data-md-slide-show=\"1\" data-fade=\"true\"><div class=\"th-hero-slide\"><div class=\"th-hero-bg\" data-bg-src=\"http:\/\/maninconduite.fr\/wp-content\/uploads\/2023\/09\/hero_bg_11_1.jpg\"><img decoding=\"async\" src=\"http:\/\/maninconduite.fr\/wp-content\/uploads\/2023\/09\/hero_bg_11_1.jpg\" alt=\"hero_bg_11_1\"  \/><\/div><div class=\"container\"><div class=\"hero-style11\"><h1 class=\"hero-title\" data-ani=\"slideindown\" data-ani-delay=\"0.4s\">Votre conduite accompagn\u00e9e chez Manin Conduite<\/h1><p class=\"hero-text\" data-ani=\"slideinup\" data-ani-delay=\"0.1s\">Nos instructeurs exp\u00e9riment\u00e9s vous guident \u00e0 travers des cours pratiques et th\u00e9oriques, pour r\u00e9ussir votre permis de conduire en toute confiance. Rejoignez-nous pour ma\u00eetriser la route d\u00e8s aujourd&#039;hui !<\/p><div class=\"btn-group\" data-ani=\"slideinup\" data-ani-delay=\"0.5s\"><a href=\"https:\/\/maninconduite.fr\/?page_id=3045\" class=\"th-btn btn1 style3\">S&#039;inscrire<i class=\"fa-regular fa-arrow-right ms-2\"><\/i><\/a><\/div><\/div><\/div><\/div><\/div><div class=\"icon-box\"><button data-slick-prev=\"#heroSlide11\" class=\"slick-arrow default\"><i class=\"far fa-chevron-left\"><\/i><\/button><button data-slick-next=\"#heroSlide11\" class=\"slick-arrow default\"><i class=\"far fa-chevron-right\"><\/i><\/button><\/div><\/div>\t\t<\/div>\n\t\t\t\t<\/div>\n\t\t\t\t<\/div>\n\t\t<div class=\"elementor-element elementor-element-130556b e-flex e-con-boxed e-con e-parent\" data-id=\"130556b\" data-element_type=\"container\" data-settings=\"{&quot;content_width&quot;:&quot;boxed&quot;}\" data-core-v316-plus=\"true\">\n\t\t\t\t\t<div class=\"e-con-inner\">\n\t\t<div class=\"elementor-element elementor-element-026d780 e-con-full e-flex e-con e-child\" data-id=\"026d780\" data-element_type=\"container\" data-settings=\"{&quot;content_width&quot;:&quot;full&quot;}\">\n\t\t\t\t<div class=\"elementor-element elementor-element-abec207 elementor-align-center elementor-widget__width-initial elementor-widget elementor-widget-button\" data-id=\"abec207\" data-element_type=\"widget\" data-widget_type=\"button.default\">\n\t\t\t\t<div class=\"elementor-widget-container\">\n\t\t\t\t\t<div class=\"elementor-button-wrapper\">\n\t\t\t<a class=\"elementor-button elementor-button-link elementor-size-sm\" href=\"http:\/\/maninconduite.fr\/wp-content\/uploads\/2024\/02\/PROGRAMMES-ET-PARCOURS-DE-FORMATION-MANIN-CONDUITE-V2.pdf\" target=\"_blank\">\n\t\t\t\t\t\t<span class=\"elementor-button-content-wrapper\">\n\t\t\t\t\t\t<span class=\"elementor-button-text\">Programme de formation<\/span>\n\t\t<\/span>\n\t\t\t\t\t<\/a>\n\t\t<\/div>\n\t\t\t\t<\/div>\n\t\t\t\t<\/div>\n\t\t\t\t<\/div>\n\t\t<div class=\"elementor-element elementor-element-d91f224 e-con-full e-flex e-con e-child\" data-id=\"d91f224\" data-element_type=\"container\" data-settings=\"{&quot;content_width&quot;:&quot;full&quot;}\">\n\t\t\t\t<div class=\"elementor-element elementor-element-02504d1 elementor-align-center elementor-widget elementor-widget-button\" data-id=\"02504d1\" data-element_type=\"widget\" data-widget_type=\"button.default\">\n\t\t\t\t<div class=\"elementor-widget-container\">\n\t\t\t\t\t<div class=\"elementor-button-wrapper\">\n\t\t\t<a class=\"elementor-button elementor-button-link elementor-size-sm\" href=\"#pieces\">\n\t\t\t\t\t\t<span class=\"elementor-button-content-wrapper\">\n\t\t\t\t\t\t<span class=\"elementor-button-text\">Pi\u00e8ces \u00e0 fournir<\/span>\n\t\t<\/span>\n\t\t\t\t\t<\/a>\n\t\t<\/div>\n\t\t\t\t<\/div>\n\t\t\t\t<\/div>\n\t\t\t\t<\/div>\n\t\t<div class=\"elementor-element elementor-element-cd35145 e-con-full e-flex e-con e-child\" data-id=\"cd35145\" data-element_type=\"container\" data-settings=\"{&quot;content_width&quot;:&quot;full&quot;}\">\n\t\t\t\t<div class=\"elementor-element elementor-element-edcfd38 elementor-align-center elementor-widget elementor-widget-button\" data-id=\"edcfd38\" data-element_type=\"widget\" data-widget_type=\"button.default\">\n\t\t\t\t<div class=\"elementor-widget-container\">\n\t\t\t\t\t<div class=\"elementor-button-wrapper\">\n\t\t\t<a class=\"elementor-button elementor-button-link elementor-size-sm\" href=\"https:\/\/maninconduite.fr\/?page_id=65\">\n\t\t\t\t\t\t<span class=\"elementor-button-content-wrapper\">\n\t\t\t\t\t\t<span class=\"elementor-button-text\">Contactez-nous<\/span>\n\t\t<\/span>\n\t\t\t\t\t<\/a>\n\t\t<\/div>\n\t\t\t\t<\/div>\n\t\t\t\t<\/div>\n\t\t\t\t<\/div>\n\t\t\t\t\t<\/div>\n\t\t\t\t<\/div>\n\t\t\t\t<section class=\"elementor-section elementor-top-section elementor-element elementor-element-6b84129 elementor-section-full_width elementor-section-height-default elementor-section-height-default\" data-id=\"6b84129\" data-element_type=\"section\" data-settings=\"{&quot;background_background&quot;:&quot;classic&quot;}\">\n\t\t\t\t\t\t<div class=\"elementor-container elementor-column-gap-no\">\n\t\t\t\t\t<div class=\"elementor-column elementor-col-100 elementor-top-column elementor-element elementor-element-cbf8548\" data-id=\"cbf8548\" data-element_type=\"column\">\n\t\t\t<div class=\"elementor-widget-wrap elementor-element-populated\">\n\t\t\t\t\t\t<section class=\"elementor-section elementor-inner-section elementor-element elementor-element-9484d86 elementor-section-boxed elementor-section-height-default elementor-section-height-default\" data-id=\"9484d86\" data-element_type=\"section\">\n\t\t\t\t\t\t<div class=\"elementor-container elementor-column-gap-no\">\n\t\t\t\t\t<div class=\"elementor-column elementor-col-100 elementor-inner-column elementor-element elementor-element-1c1e4c8 blog-single mb-30\" data-id=\"1c1e4c8\" data-element_type=\"column\">\n\t\t\t<div class=\"elementor-widget-wrap elementor-element-populated\">\n\t\t\t\t\t\t<div class=\"elementor-element elementor-element-25ef888 elementor-widget elementor-widget-text-editor\" data-id=\"25ef888\" data-element_type=\"widget\" data-widget_type=\"text-editor.default\">\n\t\t\t\t<div class=\"elementor-widget-container\">\n\t\t\t<style>\/*! elementor - v3.19.0 - 07-02-2024 *\/\n.elementor-widget-text-editor.elementor-drop-cap-view-stacked .elementor-drop-cap{background-color:#69727d;color:#fff}.elementor-widget-text-editor.elementor-drop-cap-view-framed .elementor-drop-cap{color:#69727d;border:3px solid;background-color:transparent}.elementor-widget-text-editor:not(.elementor-drop-cap-view-default) .elementor-drop-cap{margin-top:8px}.elementor-widget-text-editor:not(.elementor-drop-cap-view-default) .elementor-drop-cap-letter{width:1em;height:1em}.elementor-widget-text-editor .elementor-drop-cap{float:left;text-align:center;line-height:1;font-size:50px}.elementor-widget-text-editor .elementor-drop-cap-letter{display:inline-block}<\/style>\t\t\t\t<div class=\"title-wrap\"><p>La conduite accompagn\u00e9e permet aux jeunes d\u2019acqu\u00e9rir de l\u2019exp\u00e9rience et une meilleure assurance au volant avant de se pr\u00e9senter, ou entre deux pr\u00e9sentations, \u00e0 l\u2019examen du permis de conduire. Il existe trois formule de conduite accompagn\u00e9e : l&#8217;apprentissage anticip\u00e9 de la conduite (AAC), la conduite supervis\u00e9e et la conduite encadr\u00e9e.<\/p><\/div>\t\t\t\t\t\t<\/div>\n\t\t\t\t<\/div>\n\t\t\t\t<div class=\"elementor-element elementor-element-ad8611e elementor-widget elementor-widget-dridefeatures\" data-id=\"ad8611e\" data-element_type=\"widget\" data-widget_type=\"dridefeatures.default\">\n\t\t\t\t<div class=\"elementor-widget-container\">\n\t\t\t<div class=\"course-feature-wrap mb-5\"><div class=\"course-feature\"><div class=\"course-feature_icon\"><i class=\"fal fa-clipboard-list\"><\/i><\/div><div class=\"media-body\"><h4 class=\"course-feature_title\">CODE EN LIGNE<\/h4><p class=\"course-feature_text\">Acc\u00e8s \u00e0 la salle de code et code en ligne<\/p><\/div><\/div><div class=\"course-feature\"><div class=\"course-feature_icon\"><i class=\"fal fa-steering-wheel\"><\/i><\/div><div class=\"media-body\"><h4 class=\"course-feature_title\">HEURES DE CONDUITE<\/h4><p class=\"course-feature_text\">Plusieurs formules possible<\/p><\/div><\/div><div class=\"course-feature\"><div class=\"course-feature_icon\"><i class=\"fal fa-cars\"><\/i><\/div><div class=\"media-body\"><h4 class=\"course-feature_title\">1 HEURE D&#039;EXAMEN BLANC<\/h4><\/div><\/div><div class=\"course-feature\"><div class=\"course-feature_icon\"><i class=\"fal fa-file-certificate\"><\/i><\/div><div class=\"media-body\"><h4 class=\"course-feature_title\">PRESENTATION A L&#039;EXAMEN<\/h4><\/div><\/div><\/div>\t\t<\/div>\n\t\t\t\t<\/div>\n\t\t\t\t<div class=\"elementor-element elementor-element-02e9b99 elementor-widget elementor-widget-menu-anchor\" data-id=\"02e9b99\" data-element_type=\"widget\" data-widget_type=\"menu-anchor.default\">\n\t\t\t\t<div class=\"elementor-widget-container\">\n\t\t\t<style>\/*! elementor - v3.19.0 - 07-02-2024 *\/\nbody.elementor-page .elementor-widget-menu-anchor{margin-bottom:0}<\/style>\t\t<div id=\"pieces\" class=\"elementor-menu-anchor\"><\/div>\n\t\t\t\t<\/div>\n\t\t\t\t<\/div>\n\t\t\t\t<div class=\"elementor-element elementor-element-96ceec6 elementor-widget elementor-widget-dridesectiontitle\" data-id=\"96ceec6\" data-element_type=\"widget\" data-widget_type=\"dridesectiontitle.default\">\n\t\t\t\t<div class=\"elementor-widget-container\">\n\t\t\t<div class=\"title-area-wrap\"><div class=\"title-area\" ><span class=\"sub-title subtitle-selector\"><img decoding=\"async\" src=\"http:\/\/maninconduite.fr\/wp-content\/uploads\/2024\/04\/Degrade_Vlog_YouTube_Icone-removebg-preview-e1713981586587.png\" alt=\"Degrade_Vlog_YouTube_Icone removebg preview e1713981586587\"  class=\"icon\" \/>Pi\u00e8ces \u00e0 fournir<\/span><h2 class=\"sec-title title-selector\">Retrouvez les pi\u00e8ces justificatives \u00e0 fournir<\/h2><\/div><\/div>\t\t<\/div>\n\t\t\t\t<\/div>\n\t\t\t\t<div class=\"elementor-element elementor-element-3f65971 elementor-widget elementor-widget-text-editor\" data-id=\"3f65971\" data-element_type=\"widget\" data-widget_type=\"text-editor.default\">\n\t\t\t\t<div class=\"elementor-widget-container\">\n\t\t\t\t\t\t\t<div class=\"row\"><div class=\"col-md-6 mb-30\"><img decoding=\"async\" class=\"rounded-10 w-100\" src=\"https:\/\/themeholy.com\/wordpress\/dride\/wp-content\/uploads\/2023\/06\/course_inner.jpg\" alt=\"course\" \/><\/div><div class=\"col-md-6 mb-30\"><div class=\"checklist\"><ul><li><i class=\"fal fa-check-circle\"><\/i> Pi\u00e8ce d&#8217;identit\u00e9 en cours de validit\u00e9 Recto\/Verso<\/li><li><i class=\"fal fa-check-circle\"><\/i> Justificatif de domicile de moins de 3 mois<\/li><li><i class=\"fal fa-check-circle\"><\/i> Attestation d&#8217;h\u00e9bergement et pi\u00e8ce d&#8217;identit\u00e9 de l&#8217;h\u00e9bergeant<\/li><li><i class=\"fal fa-check-circle\"><\/i> Recensement pour les moins de 16 ans<\/li><li><i class=\"fal fa-check-circle\"><\/i> Copie JDC pour les plus de 16 ans\/ASSR<\/li><li><i class=\"fal fa-check-circle\"><\/i> Autorisation parentale pour les mineurs<\/li><li><i class=\"fal fa-check-circle\"><\/i> Dossier cerfa en cas de transfert de dossier<\/li><li><i class=\"fal fa-check-circle\"><\/i> 4 photos d&#8217;identit\u00e9s ou E-photos\u00a0<\/li><li><i class=\"fal fa-check-circle\"><\/i> 3 timbres + 3 enveloppes format A5 ou 10\u20ac<\/li><li><i class=\"fal fa-check-circle\"><\/i> Acompte de 390\u20ac \u00e0 l&#8217;inscription<\/li><\/ul><\/div><\/div><\/div>\t\t\t\t\t\t<\/div>\n\t\t\t\t<\/div>\n\t\t\t\t<div class=\"elementor-element elementor-element-f7cf233 elementor-align-center elementor-widget elementor-widget-button\" data-id=\"f7cf233\" data-element_type=\"widget\" data-widget_type=\"button.default\">\n\t\t\t\t<div class=\"elementor-widget-container\">\n\t\t\t\t\t<div class=\"elementor-button-wrapper\">\n\t\t\t<a class=\"elementor-button elementor-button-link elementor-size-sm\" href=\"https:\/\/maninconduite.fr\/wp-content\/uploads\/2024\/03\/Liste-de-documents-a-fournir.pdf\">\n\t\t\t\t\t\t<span class=\"elementor-button-content-wrapper\">\n\t\t\t\t\t\t<span class=\"elementor-button-text\">T\u00e9l\u00e9charger la liste des pi\u00e8ces \u00e0 fournir<\/span>\n\t\t<\/span>\n\t\t\t\t\t<\/a>\n\t\t<\/div>\n\t\t\t\t<\/div>\n\t\t\t\t<\/div>\n\t\t\t\t<div class=\"elementor-element elementor-element-2b0088e elementor-widget elementor-widget-text-editor\" data-id=\"2b0088e\" data-element_type=\"widget\" data-widget_type=\"text-editor.default\">\n\t\t\t\t<div class=\"elementor-widget-container\">\n\t\t\t\t\t\t\t<div class=\"row mb-10\"><div class=\"col-md-6 mb-30\"><div class=\"inner-box\"><div class=\"header\"><h4 class=\"box-title\">Boite manuelle<\/h4><\/div><div class=\"content\"><p class=\"text\">Acqu\u00e9rez les comp\u00e9tences n\u00e9cessaires pour ma\u00eetriser la conduite avec une bo\u00eete manuelle gr\u00e2ce \u00e0 nos instructeurs exp\u00e9riment\u00e9s.<\/p><\/div><\/div><\/div><div class=\"col-md-6 mb-30\"><div class=\"inner-box\"><div class=\"header bg-theme2\"><h4 class=\"box-title\">Boite automatique<\/h4><\/div><div class=\"content\"><p class=\"text\">Simplifiez votre exp\u00e9rience de conduite avec notre formation sp\u00e9cialis\u00e9e en bo\u00eete automatique, con\u00e7ue pour vous rendre plus \u00e0 l&#8217;aise et confiant sur la route.<\/p><\/div><\/div><\/div><\/div>\t\t\t\t\t\t<\/div>\n\t\t\t\t<\/div>\n\t\t\t\t\t<\/div>\n\t\t<\/div>\n\t\t\t\t\t<\/div>\n\t\t<\/section>\n\t\t\t\t<div class=\"elementor-element elementor-element-4b09cae9 elementor-widget elementor-widget-dridesectiontitle\" data-id=\"4b09cae9\" data-element_type=\"widget\" data-widget_type=\"dridesectiontitle.default\">\n\t\t\t\t<div class=\"elementor-widget-container\">\n\t\t\t<div class=\"title-area-wrap\"><div class=\"title-area\" ><span class=\"sub-title subtitle-selector\"><img decoding=\"async\" src=\"http:\/\/maninconduite.fr\/wp-content\/uploads\/2024\/04\/Degrade_Vlog_YouTube_Icone-removebg-preview-e1713981586587.png\" alt=\"Degrade_Vlog_YouTube_Icone removebg preview e1713981586587\"  class=\"icon\" \/>Financements<\/span><h2 class=\"sec-title title-selector\">Retrouvez tous les financements<\/h2><\/div><\/div>\t\t<\/div>\n\t\t\t\t<\/div>\n\t\t\t\t\t<\/div>\n\t\t<\/div>\n\t\t\t\t\t<\/div>\n\t\t<\/section>\n\t\t<div class=\"elementor-element elementor-element-da78a03 e-flex e-con-boxed e-con e-parent\" data-id=\"da78a03\" data-element_type=\"container\" data-settings=\"{&quot;content_width&quot;:&quot;boxed&quot;}\" data-core-v316-plus=\"true\">\n\t\t\t\t\t<div class=\"e-con-inner\">\n\t\t<div class=\"elementor-element elementor-element-d26afb1 e-con-full e-flex e-con e-child\" data-id=\"d26afb1\" data-element_type=\"container\" data-settings=\"{&quot;content_width&quot;:&quot;full&quot;}\">\n\t\t\t\t<div class=\"elementor-element elementor-element-dc3c042 elementor-widget__width-initial elementor-widget elementor-widget-drideimage\" data-id=\"dc3c042\" data-element_type=\"widget\" data-widget_type=\"drideimage.default\">\n\t\t\t\t<div class=\"elementor-widget-container\">\n\t\t\t<!-- Image --><div class=\"custom_css_handelar \"><img decoding=\"async\" src=\"http:\/\/maninconduite.fr\/wp-content\/uploads\/2024\/02\/cpf.png\" alt=\"cpf\"  \/><\/div><!-- End Image -->\t\t<\/div>\n\t\t\t\t<\/div>\n\t\t\t\t<div class=\"elementor-element elementor-element-821c749 elementor-widget elementor-widget-text-editor\" data-id=\"821c749\" data-element_type=\"widget\" data-widget_type=\"text-editor.default\">\n\t\t\t\t<div class=\"elementor-widget-container\">\n\t\t\t\t\t\t\t<p>Vous souhaitez passer votre permis de conduire ? Bonne nouvelle, l\u2019apprentissage de la conduite fait partie des formations que vous pouvez financer avec Mon compte formation<\/p>\t\t\t\t\t\t<\/div>\n\t\t\t\t<\/div>\n\t\t\t\t<div class=\"elementor-element elementor-element-487821a elementor-align-justify elementor-widget elementor-widget-button\" data-id=\"487821a\" data-element_type=\"widget\" data-widget_type=\"button.default\">\n\t\t\t\t<div class=\"elementor-widget-container\">\n\t\t\t\t\t<div class=\"elementor-button-wrapper\">\n\t\t\t<a class=\"elementor-button elementor-button-link elementor-size-sm\" href=\"https:\/\/www.moncompteformation.gouv.fr\/espace-public\/tout-savoir-sur-le-permis-de-conduire\" target=\"_blank\">\n\t\t\t\t\t\t<span class=\"elementor-button-content-wrapper\">\n\t\t\t\t\t\t<span class=\"elementor-button-text\">En savoir plus<\/span>\n\t\t<\/span>\n\t\t\t\t\t<\/a>\n\t\t<\/div>\n\t\t\t\t<\/div>\n\t\t\t\t<\/div>\n\t\t\t\t<\/div>\n\t\t<div class=\"elementor-element elementor-element-374878f e-con-full e-flex e-con e-child\" data-id=\"374878f\" data-element_type=\"container\" data-settings=\"{&quot;content_width&quot;:&quot;full&quot;}\">\n\t\t\t\t<div class=\"elementor-element elementor-element-05c0679 elementor-widget elementor-widget-drideimage\" data-id=\"05c0679\" data-element_type=\"widget\" data-widget_type=\"drideimage.default\">\n\t\t\t\t<div class=\"elementor-widget-container\">\n\t\t\t<!-- Image --><div class=\"custom_css_handelar \"><img decoding=\"async\" src=\"http:\/\/maninconduite.fr\/wp-content\/uploads\/2024\/02\/117x600_REGION_IDF-2.jpeg\" alt=\"117x600_REGION_IDF 2\"  \/><\/div><!-- End Image -->\t\t<\/div>\n\t\t\t\t<\/div>\n\t\t\t\t<div class=\"elementor-element elementor-element-39c4f81 elementor-widget elementor-widget-text-editor\" data-id=\"39c4f81\" data-element_type=\"widget\" data-widget_type=\"text-editor.default\">\n\t\t\t\t<div class=\"elementor-widget-container\">\n\t\t\t\t\t\t\t<p>La R\u00e9gion finance le permis B pour les jeunes franciliens en formation ou suivis par une mission locale ou en recherche d&#8217;emploi et r\u00e9sidant dans un quartier politique de la ville (QPV) ou en zone rurale. Sans avance de frais pour les b\u00e9n\u00e9ficiaires<\/p>\t\t\t\t\t\t<\/div>\n\t\t\t\t<\/div>\n\t\t\t\t<div class=\"elementor-element elementor-element-89cae0e elementor-align-justify elementor-widget elementor-widget-button\" data-id=\"89cae0e\" data-element_type=\"widget\" data-widget_type=\"button.default\">\n\t\t\t\t<div class=\"elementor-widget-container\">\n\t\t\t\t\t<div class=\"elementor-button-wrapper\">\n\t\t\t<a class=\"elementor-button elementor-button-link elementor-size-sm\" href=\"http:\/\/maninconduite.fr\/wp-content\/uploads\/2024\/02\/Coupons_HAMADA_Warda.pdf\" target=\"_blank\">\n\t\t\t\t\t\t<span class=\"elementor-button-content-wrapper\">\n\t\t\t\t\t\t<span class=\"elementor-button-text\">En savoir plus<\/span>\n\t\t<\/span>\n\t\t\t\t\t<\/a>\n\t\t<\/div>\n\t\t\t\t<\/div>\n\t\t\t\t<\/div>\n\t\t\t\t<\/div>\n\t\t<div class=\"elementor-element elementor-element-afc1f99 e-con-full e-flex e-con e-child\" data-id=\"afc1f99\" data-element_type=\"container\" data-settings=\"{&quot;content_width&quot;:&quot;full&quot;}\">\n\t\t\t\t<div class=\"elementor-element elementor-element-1b99480 elementor-widget__width-initial elementor-widget elementor-widget-drideimage\" data-id=\"1b99480\" data-element_type=\"widget\" data-widget_type=\"drideimage.default\">\n\t\t\t\t<div class=\"elementor-widget-container\">\n\t\t\t<!-- Image --><div class=\"custom_css_handelar \"><img decoding=\"async\" src=\"http:\/\/maninconduite.fr\/wp-content\/uploads\/2024\/03\/Degrade-Vlog-YouTube-Icone-3-e1711447367652.png\" alt=\"Degrade Vlog YouTube Icone 3 e1711447367652\"  \/><\/div><!-- End Image -->\t\t<\/div>\n\t\t\t\t<\/div>\n\t\t\t\t<div class=\"elementor-element elementor-element-7e83b99 elementor-widget elementor-widget-text-editor\" data-id=\"7e83b99\" data-element_type=\"widget\" data-widget_type=\"text-editor.default\">\n\t\t\t\t<div class=\"elementor-widget-container\">\n\t\t\t\t\t\t\t<p>Chez Manin conduite vous pouvez r\u00e9gler votre paiement en maximum 4 fois sans frais<\/p>\t\t\t\t\t\t<\/div>\n\t\t\t\t<\/div>\n\t\t\t\t<\/div>\n\t\t<div class=\"elementor-element elementor-element-edf98da e-con-full e-flex e-con e-child\" data-id=\"edf98da\" data-element_type=\"container\" data-settings=\"{&quot;content_width&quot;:&quot;full&quot;}\">\n\t\t\t\t<div class=\"elementor-element elementor-element-2d1bb05 elementor-widget__width-initial elementor-widget elementor-widget-drideimage\" data-id=\"2d1bb05\" data-element_type=\"widget\" data-widget_type=\"drideimage.default\">\n\t\t\t\t<div class=\"elementor-widget-container\">\n\t\t\t<!-- Image --><div class=\"custom_css_handelar \"><img decoding=\"async\" src=\"http:\/\/maninconduite.fr\/wp-content\/uploads\/2024\/02\/PAIEMENT.jpeg\" alt=\"PAIEMENT\"  \/><\/div><!-- End Image -->\t\t<\/div>\n\t\t\t\t<\/div>\n\t\t\t\t<div class=\"elementor-element elementor-element-fd7fa07 elementor-widget elementor-widget-text-editor\" data-id=\"fd7fa07\" data-element_type=\"widget\" data-widget_type=\"text-editor.default\">\n\t\t\t\t<div class=\"elementor-widget-container\">\n\t\t\t\t\t\t\t<p>Les r\u00e8glement par cartes bleues et par ch\u00e8ques sont accept\u00e9s<\/p>\t\t\t\t\t\t<\/div>\n\t\t\t\t<\/div>\n\t\t\t\t<\/div>\n\t\t\t\t\t<\/div>\n\t\t\t\t<\/div>\n\t\t<div class=\"elementor-element elementor-element-54344bf e-flex e-con-boxed e-con e-parent\" data-id=\"54344bf\" data-element_type=\"container\" data-settings=\"{&quot;content_width&quot;:&quot;boxed&quot;}\" data-core-v316-plus=\"true\">\n\t\t\t\t\t<div class=\"e-con-inner\">\n\t\t\t\t<div class=\"elementor-element elementor-element-b3a45d7 elementor-widget elementor-widget-text-editor\" data-id=\"b3a45d7\" data-element_type=\"widget\" data-widget_type=\"text-editor.default\">\n\t\t\t\t<div class=\"elementor-widget-container\">\n\t\t\t\t\t\t\t<div class=\"buy-area\"><h4 class=\"buy-title\">Contactez-nous pour plus d&#8217;informations<\/h4><p><a class=\"th-btn btn-small style3\" href=\"https:\/\/maninconduite.fr\/?page_id=65\">Contacter<\/a><\/p><\/div>\t\t\t\t\t\t<\/div>\n\t\t\t\t<\/div>\n\t\t\t\t\t<\/div>\n\t\t\t\t<\/div>\n\t\t\t\t<\/div>\n\t\t","protected":false},"excerpt":{"rendered":"<p>Votre conduite accompagn\u00e9e chez Manin Conduite Nos instructeurs exp\u00e9riment\u00e9s vous guident \u00e0 travers des cours pratiques et th\u00e9oriques, pour r\u00e9ussir votre permis de conduire en toute confiance. Rejoignez-nous pour ma\u00eetriser la route d\u00e8s aujourd&#039;hui ! S&#039;inscrire Programme de formation Pi\u00e8ces \u00e0 fournir Contactez-nous La conduite accompagn\u00e9e permet aux jeunes d\u2019acqu\u00e9rir de l\u2019exp\u00e9rience et une meilleure&#8230;<\/p>\n","protected":false},"author":1,"featured_media":0,"parent":0,"menu_order":0,"comment_status":"closed","ping_status":"closed","template":"elementor_header_footer","meta":{"_monsterinsights_skip_tracking":false,"_monsterinsights_sitenote_active":false,"_monsterinsights_sitenote_note":"","_monsterinsights_sitenote_category":0,"footnotes":""},"class_list":["post-3636","page","type-page","status-publish","hentry"],"aioseo_notices":[],"_links":{"self":[{"href":"https:\/\/maninconduite.fr\/index.php?rest_route=\/wp\/v2\/pages\/3636","targetHints":{"allow":["GET"]}}],"collection":[{"href":"https:\/\/maninconduite.fr\/index.php?rest_route=\/wp\/v2\/pages"}],"about":[{"href":"https:\/\/maninconduite.fr\/index.php?rest_route=\/wp\/v2\/types\/page"}],"author":[{"embeddable":true,"href":"https:\/\/maninconduite.fr\/index.php?rest_route=\/wp\/v2\/users\/1"}],"replies":[{"embeddable":true,"href":"https:\/\/maninconduite.fr\/index.php?rest_route=%2Fwp%2Fv2%2Fcomments&post=3636"}],"version-history":[{"count":14,"href":"https:\/\/maninconduite.fr\/index.php?rest_route=\/wp\/v2\/pages\/3636\/revisions"}],"predecessor-version":[{"id":3915,"href":"https:\/\/maninconduite.fr\/index.php?rest_route=\/wp\/v2\/pages\/3636\/revisions\/3915"}],"wp:attachment":[{"href":"https:\/\/maninconduite.fr\/index.php?rest_route=%2Fwp%2Fv2%2Fmedia&parent=3636"}],"curies":[{"name":"wp","href":"https:\/\/api.w.org\/{rel}","templated":true}]}}